{"id":995,"date":"2020-02-20T14:56:50","date_gmt":"2020-02-20T13:56:50","guid":{"rendered":"http:\/\/www.paissangroup.com\/chi-siamo\/"},"modified":"2024-07-28T07:57:38","modified_gmt":"2024-07-28T05:57:38","slug":"about-us","status":"publish","type":"page","link":"https:\/\/paissangroup.com\/en\/about-us\/","title":{"rendered":"About us"},"content":{"rendered":"<div class=\"wpb-content-wrapper\"><p>[vc_row equal_height=&#8221;yes&#8221; content_placement=&#8221;middle&#8221; css=&#8221;.vc_custom_1701703421589{margin-top: 70px !important;}&#8221;][vc_column width=&#8221;1\/5&#8243;][vc_single_image image=&#8221;1607&#8243; img_size=&#8221;&#8221; alignment=&#8221;center&#8221; el_class=&#8221;iconachisiamo&#8221;][\/vc_column][vc_column width=&#8221;4\/5&#8243;][vc_column_text css=&#8221;.vc_custom_1718609643476{margin-right: 50px !important;margin-left: 50px !important;}&#8221;]<\/p>\n<p class=\"titolohome\" style=\"text-align: left;\"><span class=\"white_black colore_com\">About us<\/span><\/p>\n<p>[\/vc_column_text][vc_column_text css=&#8221;.vc_custom_1702552813853{margin-right: 50px !important;margin-left: 50px !important;}&#8221;]Paissan Group, a network of companies and professionals <strong>specialized in consulting and services to public administration and small and medium-sized enterprises<\/strong> operating in Italy, Europe and the United States of America.[\/vc_column_text][\/vc_column][\/vc_row][vc_row equal_height=&#8221;yes&#8221; content_placement=&#8221;middle&#8221; css=&#8221;.vc_custom_1701703421589{margin-top: 70px !important;}&#8221;][vc_column width=&#8221;1\/5&#8243;][vc_single_image image=&#8221;1601&#8243; img_size=&#8221;&#8221; alignment=&#8221;center&#8221; el_class=&#8221;iconachisiamo&#8221;][\/vc_column][vc_column width=&#8221;4\/5&#8243;][vc_column_text css=&#8221;.vc_custom_1702552834758{margin-right: 50px !important;margin-left: 50px !important;}&#8221;]<\/p>\n<p class=\"titolohome\" style=\"text-align: left;\"><span class=\"white_black colore_com\">Who we work for<\/span><\/p>\n<p>[\/vc_column_text][vc_column_text css=&#8221;.vc_custom_1722146205734{margin-right: 50px !important;margin-left: 50px !important;}&#8221;]We cater to: artisan enterprises, construction, industry, medical, trade, tourism, hotels and restaurants, services, transportation, real estate, professional and technical firms, freelancers and self-employed, associations, institutions, and public administration.[\/vc_column_text][\/vc_column][\/vc_row][vc_row equal_height=&#8221;yes&#8221; content_placement=&#8221;middle&#8221; css=&#8221;.vc_custom_1701703421589{margin-top: 70px !important;}&#8221;][vc_column width=&#8221;1\/5&#8243;][vc_single_image image=&#8221;1597&#8243; img_size=&#8221;&#8221; alignment=&#8221;center&#8221; el_class=&#8221;iconachisiamo&#8221;][\/vc_column][vc_column width=&#8221;4\/5&#8243;][vc_column_text css=&#8221;.vc_custom_1702552870668{margin-right: 50px !important;margin-left: 50px !important;}&#8221;]<\/p>\n<p class=\"titolohome\" style=\"text-align: left;\"><span class=\"white_black colore_com\">What we do<\/span><\/p>\n<p>[\/vc_column_text][vc_column_text css=&#8221;.vc_custom_1702552916953{margin-right: 50px !important;margin-left: 50px !important;}&#8221;]Thanks to an extremely dynamic and flexible structure,\u00a0<strong>Paissan Group is the ideal answer to those looking for professionalism, organization and a variety of services and skills in a single interlocutor<\/strong>, in the following areas:<\/p>\n<ul>\n<li>strategic\u00a0;<\/li>\n<li>communications, marketing and commercial development;<\/li>\n<li>information technology and innovation;<\/li>\n<\/ul>\n<p>In short, we are <strong>a system of global consultancy and services<\/strong>, innovative and modern, capable of supporting our interlocutors in the conception, establishment, development and promotion, management and maintenance and restructuring phases of their business. and business.[\/vc_column_text][\/vc_column][\/vc_row][vc_row equal_height=&#8221;yes&#8221; content_placement=&#8221;middle&#8221; css=&#8221;.vc_custom_1701703421589{margin-top: 70px !important;}&#8221;][vc_column width=&#8221;1\/5&#8243;][vc_single_image image=&#8221;1599&#8243; img_size=&#8221;&#8221; alignment=&#8221;center&#8221; el_class=&#8221;iconachisiamo&#8221;][\/vc_column][vc_column width=&#8221;4\/5&#8243;][vc_column_text css=&#8221;.vc_custom_1701703631178{margin-right: 50px !important;margin-left: 50px !important;}&#8221;]<\/p>\n<p class=\"titolohome\" style=\"text-align: left;\"><span class=\"white_black colore_com\">Mission<\/span><\/p>\n<p>[\/vc_column_text][vc_column_text css=&#8221;.vc_custom_1702552986757{margin-right: 50px !important;margin-left: 50px !important;}&#8221;]We offer c<strong>onsultancy and services aimed at public administration and small and medium-sized businesses<\/strong> that need specialized skills and solutions capable of <strong>promoting their development, in an innovative and sustainable way,\u00a0or solving the crisis of one&#8217;s business<\/strong>, through a <strong>planning<\/strong>, <strong>ethical and responsible approach<\/strong> aimed at achieving objectives shared with the customer.[\/vc_column_text][\/vc_column][\/vc_row][vc_row equal_height=&#8221;yes&#8221; content_placement=&#8221;middle&#8221; css=&#8221;.vc_custom_1701703722228{margin-top: 70px !important;margin-bottom: 50px !important;}&#8221;][vc_column width=&#8221;1\/5&#8243;][vc_single_image image=&#8221;1603&#8243; img_size=&#8221;&#8221; alignment=&#8221;center&#8221; el_class=&#8221;iconachisiamo&#8221;][\/vc_column][vc_column width=&#8221;4\/5&#8243;][vc_column_text css=&#8221;.vc_custom_1701703641460{margin-right: 50px !important;margin-left: 50px !important;}&#8221;]<\/p>\n<p class=\"titolohome\" style=\"text-align: left;\"><span class=\"white_black colore_com\">Vision<\/span><\/p>\n<p>[\/vc_column_text][vc_column_text css=&#8221;.vc_custom_1702553014071{margin-right: 50px !important;margin-left: 50px !important;}&#8221;]We are\u00a0<strong>an internationally recognized reference player<\/strong>\u00a0for our approach oriented towards people and corporate organizations and functional to the development of our customers&#8217; business.<br \/>\nThe multidisciplinary consultancy model\u00a0<strong>amplifies the value of the skills and specializations of partners and collaborators, creating a positive context for professional and personal growth.<\/strong><br \/>\nLed by a close-knit team, united by an ethical approach, it represents\u00a0<strong>an environment where you can dedicate the right amount of time to work, cultivating space for the family and for taking care of personal interests.[\/vc_column_text][\/vc_column][\/vc_row][vc_row][vc_column][vc_column_text]<\/strong>[\/vc_column_text][\/vc_column][\/vc_row]<\/p>\n<\/div>","protected":false},"excerpt":{"rendered":"<p>[vc_row equal_height=&#8221;yes&#8221; content_placement=&#8221;middle&#8221; css=&#8221;.vc_custom_1701703421589{margin-top: 70px !important;}&#8221;][vc_column width=&#8221;1\/5&#8243;][vc_single_image image=&#8221;1607&#8243; img_size=&#8221;&#8221; alignment=&#8221;center&#8221; el_class=&#8221;iconachisiamo&#8221;][\/vc_column][vc_column width=&#8221;4\/5&#8243;][vc_column_text css=&#8221;.vc_custom_1718609643476{margin-right: 50px !important;margin-left: 50px !important;}&#8221;] About us [\/vc_column_text][vc_column_text css=&#8221;.vc_custom_1702552813853{margin-right: 50px !important;margin-left: 50px !important;}&#8221;]Paissan Group, a network of companies and professionals specialized in consulting and services to public administration and small and medium-sized enterprises operating in Italy, Europe and the United States of America.[\/vc_column_text][\/vc_column][\/vc_row][vc_row [&hellip;]<\/p>\n","protected":false},"author":1,"featured_media":0,"parent":0,"menu_order":0,"comment_status":"closed","ping_status":"closed","template":"","meta":{"_et_pb_use_builder":"","_et_pb_old_content":"","_et_gb_content_width":"","inline_featured_image":false,"footnotes":""},"class_list":["post-995","page","type-page","status-publish","hentry"],"yoast_head":"<!-- This site is optimized with the Yoast SEO plugin v23.8 - https:\/\/yoast.com\/wordpress\/plugins\/seo\/ -->\n<title>About us - Paissan Group<\/title>\n<meta name=\"description\" content=\"Grazie ad una struttura estremamente dinamica e flessibile, Paissan Group \u00e8 la risposta ideale a chi cerca in un unico interlocutore professionalit\u00e0, organizzazione e una pluralit\u00e0 di servizi e competenze, nei seguenti ambiti:strategico ;comunicazione, marketing e sviluppo commerciale;information technology e innovazione;organizzazione, fiscale, contabile e tributario.\" \/>\n<meta name=\"robots\" content=\"index, follow, max-snippet:-1, max-image-preview:large, max-video-preview:-1\" \/>\n<link rel=\"canonical\" href=\"https:\/\/paissangroup.com\/en\/about-us\/\" \/>\n<meta property=\"og:locale\" content=\"en_US\" \/>\n<meta property=\"og:type\" content=\"article\" \/>\n<meta property=\"og:title\" content=\"About us - Paissan Group\" \/>\n<meta property=\"og:description\" content=\"Grazie ad una struttura estremamente dinamica e flessibile, Paissan Group \u00e8 la risposta ideale a chi cerca in un unico interlocutore professionalit\u00e0, organizzazione e una pluralit\u00e0 di servizi e competenze, nei seguenti ambiti:strategico ;comunicazione, marketing e sviluppo commerciale;information technology e innovazione;organizzazione, fiscale, contabile e tributario.\" \/>\n<meta property=\"og:url\" content=\"https:\/\/paissangroup.com\/en\/about-us\/\" \/>\n<meta property=\"og:site_name\" content=\"Paissan Group\" \/>\n<meta property=\"article:publisher\" content=\"https:\/\/www.facebook.com\/paissangroup\" \/>\n<meta property=\"article:modified_time\" content=\"2024-07-28T05:57:38+00:00\" \/>\n<meta property=\"og:image\" content=\"https:\/\/paissangroup.com\/wp-content\/uploads\/2020\/03\/paissan_cover06.jpg\" \/>\n\t<meta property=\"og:image:width\" content=\"1650\" \/>\n\t<meta property=\"og:image:height\" content=\"634\" \/>\n\t<meta property=\"og:image:type\" content=\"image\/jpeg\" \/>\n<meta name=\"twitter:card\" content=\"summary_large_image\" \/>\n<meta name=\"twitter:label1\" content=\"Est. reading time\" \/>\n\t<meta name=\"twitter:data1\" content=\"4 minutes\" \/>\n<script type=\"application\/ld+json\" class=\"yoast-schema-graph\">{\"@context\":\"https:\/\/schema.org\",\"@graph\":[{\"@type\":\"WebPage\",\"@id\":\"https:\/\/paissangroup.com\/en\/about-us\/\",\"url\":\"https:\/\/paissangroup.com\/en\/about-us\/\",\"name\":\"About us - Paissan Group\",\"isPartOf\":{\"@id\":\"https:\/\/paissangroup.com\/en\/#website\"},\"datePublished\":\"2020-02-20T13:56:50+00:00\",\"dateModified\":\"2024-07-28T05:57:38+00:00\",\"description\":\"Grazie ad una struttura estremamente dinamica e flessibile, Paissan Group \u00e8 la risposta ideale a chi cerca in un unico interlocutore professionalit\u00e0, organizzazione e una pluralit\u00e0 di servizi e competenze, nei seguenti ambiti:strategico ;comunicazione, marketing e sviluppo commerciale;information technology e innovazione;organizzazione, fiscale, contabile e tributario.\",\"breadcrumb\":{\"@id\":\"https:\/\/paissangroup.com\/en\/about-us\/#breadcrumb\"},\"inLanguage\":\"en-US\",\"potentialAction\":[{\"@type\":\"ReadAction\",\"target\":[\"https:\/\/paissangroup.com\/en\/about-us\/\"]}]},{\"@type\":\"BreadcrumbList\",\"@id\":\"https:\/\/paissangroup.com\/en\/about-us\/#breadcrumb\",\"itemListElement\":[{\"@type\":\"ListItem\",\"position\":1,\"name\":\"Home\",\"item\":\"https:\/\/paissangroup.com\/en\/\"},{\"@type\":\"ListItem\",\"position\":2,\"name\":\"About us\"}]},{\"@type\":\"WebSite\",\"@id\":\"https:\/\/paissangroup.com\/en\/#website\",\"url\":\"https:\/\/paissangroup.com\/en\/\",\"name\":\"Paissan Group\",\"description\":\"ICT &amp; Innovazione | Sviluppo &amp; Comunicazione | Management\",\"potentialAction\":[{\"@type\":\"SearchAction\",\"target\":{\"@type\":\"EntryPoint\",\"urlTemplate\":\"https:\/\/paissangroup.com\/en\/?s={search_term_string}\"},\"query-input\":{\"@type\":\"PropertyValueSpecification\",\"valueRequired\":true,\"valueName\":\"search_term_string\"}}],\"inLanguage\":\"en-US\"}]}<\/script>\n<!-- \/ Yoast SEO plugin. -->","yoast_head_json":{"title":"About us - Paissan Group","description":"Grazie ad una struttura estremamente dinamica e flessibile, Paissan Group \u00e8 la risposta ideale a chi cerca in un unico interlocutore professionalit\u00e0, organizzazione e una pluralit\u00e0 di servizi e competenze, nei seguenti ambiti:strategico ;comunicazione, marketing e sviluppo commerciale;information technology e innovazione;organizzazione, fiscale, contabile e tributario.","robots":{"index":"index","follow":"follow","max-snippet":"max-snippet:-1","max-image-preview":"max-image-preview:large","max-video-preview":"max-video-preview:-1"},"canonical":"https:\/\/paissangroup.com\/en\/about-us\/","og_locale":"en_US","og_type":"article","og_title":"About us - Paissan Group","og_description":"Grazie ad una struttura estremamente dinamica e flessibile, Paissan Group \u00e8 la risposta ideale a chi cerca in un unico interlocutore professionalit\u00e0, organizzazione e una pluralit\u00e0 di servizi e competenze, nei seguenti ambiti:strategico ;comunicazione, marketing e sviluppo commerciale;information technology e innovazione;organizzazione, fiscale, contabile e tributario.","og_url":"https:\/\/paissangroup.com\/en\/about-us\/","og_site_name":"Paissan Group","article_publisher":"https:\/\/www.facebook.com\/paissangroup","article_modified_time":"2024-07-28T05:57:38+00:00","og_image":[{"width":1650,"height":634,"url":"https:\/\/paissangroup.com\/wp-content\/uploads\/2020\/03\/paissan_cover06.jpg","type":"image\/jpeg"}],"twitter_card":"summary_large_image","twitter_misc":{"Est. reading time":"4 minutes"},"schema":{"@context":"https:\/\/schema.org","@graph":[{"@type":"WebPage","@id":"https:\/\/paissangroup.com\/en\/about-us\/","url":"https:\/\/paissangroup.com\/en\/about-us\/","name":"About us - Paissan Group","isPartOf":{"@id":"https:\/\/paissangroup.com\/en\/#website"},"datePublished":"2020-02-20T13:56:50+00:00","dateModified":"2024-07-28T05:57:38+00:00","description":"Grazie ad una struttura estremamente dinamica e flessibile, Paissan Group \u00e8 la risposta ideale a chi cerca in un unico interlocutore professionalit\u00e0, organizzazione e una pluralit\u00e0 di servizi e competenze, nei seguenti ambiti:strategico ;comunicazione, marketing e sviluppo commerciale;information technology e innovazione;organizzazione, fiscale, contabile e tributario.","breadcrumb":{"@id":"https:\/\/paissangroup.com\/en\/about-us\/#breadcrumb"},"inLanguage":"en-US","potentialAction":[{"@type":"ReadAction","target":["https:\/\/paissangroup.com\/en\/about-us\/"]}]},{"@type":"BreadcrumbList","@id":"https:\/\/paissangroup.com\/en\/about-us\/#breadcrumb","itemListElement":[{"@type":"ListItem","position":1,"name":"Home","item":"https:\/\/paissangroup.com\/en\/"},{"@type":"ListItem","position":2,"name":"About us"}]},{"@type":"WebSite","@id":"https:\/\/paissangroup.com\/en\/#website","url":"https:\/\/paissangroup.com\/en\/","name":"Paissan Group","description":"ICT &amp; Innovazione | Sviluppo &amp; Comunicazione | Management","potentialAction":[{"@type":"SearchAction","target":{"@type":"EntryPoint","urlTemplate":"https:\/\/paissangroup.com\/en\/?s={search_term_string}"},"query-input":{"@type":"PropertyValueSpecification","valueRequired":true,"valueName":"search_term_string"}}],"inLanguage":"en-US"}]}},"_links":{"self":[{"href":"https:\/\/paissangroup.com\/en\/wp-json\/wp\/v2\/pages\/995"}],"collection":[{"href":"https:\/\/paissangroup.com\/en\/wp-json\/wp\/v2\/pages"}],"about":[{"href":"https:\/\/paissangroup.com\/en\/wp-json\/wp\/v2\/types\/page"}],"author":[{"embeddable":true,"href":"https:\/\/paissangroup.com\/en\/wp-json\/wp\/v2\/users\/1"}],"replies":[{"embeddable":true,"href":"https:\/\/paissangroup.com\/en\/wp-json\/wp\/v2\/comments?post=995"}],"version-history":[{"count":9,"href":"https:\/\/paissangroup.com\/en\/wp-json\/wp\/v2\/pages\/995\/revisions"}],"predecessor-version":[{"id":2063,"href":"https:\/\/paissangroup.com\/en\/wp-json\/wp\/v2\/pages\/995\/revisions\/2063"}],"wp:attachment":[{"href":"https:\/\/paissangroup.com\/en\/wp-json\/wp\/v2\/media?parent=995"}],"curies":[{"name":"wp","href":"https:\/\/api.w.org\/{rel}","templated":true}]}}